{"id":8202,"date":"2025-12-15T13:48:26","date_gmt":"2025-12-15T11:48:26","guid":{"rendered":"https:\/\/laukys.eu\/?post_type=product&#038;p=8202"},"modified":"2026-03-08T13:32:54","modified_gmt":"2026-03-08T11:32:54","slug":"dovanu-kuponas","status":"publish","type":"product","link":"https:\/\/laukys.eu\/lt\/shop\/dovanu-kuponas\/","title":{"rendered":"Dovan\u0173 kuponas"},"content":{"rendered":"<p>Dovan\u0173 kuponas suteikia teis\u0119 apsipirkti <strong>tiek \u0161ioje el. parduotuv\u0117je<\/strong>, tiek u\u017esakant prekes <strong>ra\u0161ant mums tiesiogiai el. pa\u0161tu ar per Instagram<\/strong>, <strong>tiek perkant m\u016bs\u0173 gaminius mug\u0117se Lietuvoje<\/strong> (reik\u0117s pasakyti kupono kod\u0105 ir pirk\u0117jo vard\u0105 bei pavard\u0119).<\/p>\n<p>Kuponas \u012f pinigus nekei\u010diamas. Panaudojamas vien\u0105 kart\u0105 ir ne ma\u017eesnei sumai, nei kupono vert\u0117.<\/p>\n<p>SVARBU: dovan\u0173 kuponas yra virtualus. Nurodytu el. pa\u0161tu gausite pdf dokument\u0105 su informacija ir specialiu unikaliu dovan\u0173 kupono kodu, kuris ir suteiks galimyb\u0119 juo pasinaudoti.<\/p>\n<p>Dovan\u0173 kuponas galioja 6 m\u0117nesius nuo pirkimo datos. Kupon\u0105 el. pa\u0161tu gausite per 1 darbo dien\u0105.<\/p>","protected":false},"excerpt":{"rendered":"<p>Dovan\u0173 kuponas suteikia teis\u0119 apsipirkti tiek \u0161ioje el. parduotuv\u0117je, tiek u\u017esakant prekes ra\u0161ant mums tiesiogiai el. pa\u0161tu ar per Instagram, tiek perkant m\u016bs\u0173 gaminius mug\u0117se Lietuvoje (reik\u0117s pasakyti kupono kod\u0105 ir pirk\u0117jo vard\u0105 bei pavard\u0119). Kuponas \u012f pinigus nekei\u010diamas. Panaudojamas vien\u0105 kart\u0105 ir ne ma\u017eesnei sumai, nei kupono vert\u0117. SVARBU: dovan\u0173 kuponas yra virtualus. Nurodytu [&hellip;]<\/p>","protected":false},"featured_media":8203,"comment_status":"closed","ping_status":"closed","template":"","meta":{"_et_pb_use_builder":"","_et_pb_old_content":"","_et_gb_content_width":""},"product_cat":[59,61,62,63,68,34,66,64,65],"product_tag":[],"_links":{"self":[{"href":"https:\/\/laukys.eu\/lt\/wp-json\/wp\/v2\/product\/8202"}],"collection":[{"href":"https:\/\/laukys.eu\/lt\/wp-json\/wp\/v2\/product"}],"about":[{"href":"https:\/\/laukys.eu\/lt\/wp-json\/wp\/v2\/types\/product"}],"replies":[{"embeddable":true,"href":"https:\/\/laukys.eu\/lt\/wp-json\/wp\/v2\/comments?post=8202"}],"wp:featuredmedia":[{"embeddable":true,"href":"https:\/\/laukys.eu\/lt\/wp-json\/wp\/v2\/media\/8203"}],"wp:attachment":[{"href":"https:\/\/laukys.eu\/lt\/wp-json\/wp\/v2\/media?parent=8202"}],"wp:term":[{"taxonomy":"product_cat","embeddable":true,"href":"https:\/\/laukys.eu\/lt\/wp-json\/wp\/v2\/product_cat?post=8202"},{"taxonomy":"product_tag","embeddable":true,"href":"https:\/\/laukys.eu\/lt\/wp-json\/wp\/v2\/product_tag?post=8202"}],"curies":[{"name":"wp","href":"https:\/\/api.w.org\/{rel}","templated":true}]}}