{"id":8118,"date":"2025-03-06T14:39:15","date_gmt":"2025-03-06T12:39:15","guid":{"rendered":"https:\/\/laukys.eu\/?post_type=product&#038;p=8118"},"modified":"2026-03-08T13:28:17","modified_gmt":"2026-03-08T11:28:17","slug":"mug-bigas-6","status":"publish","type":"product","link":"https:\/\/laukys.eu\/lt\/shop\/mug-bigas-6\/","title":{"rendered":"Puodelis Bigas"},"content":{"rendered":"<p><div class=\"content_block\" id=\"custom_post_widget-6554\">\n<p>\u0160io puodelio pavadinimas kalba pats u\u017e save. \u012e Big\u0105 tilps daug arbatos, daug kavos ir tikrai daug skonio.<\/p>\n\n\n\n<p><strong>T\u016bris:<\/strong> ~430ml<br><strong>Auk\u0161tis:<\/strong> ~11cm<br><strong>Plotis:<\/strong> ~9.5cm (pla\u010diausiame ta\u0161ke, neskai\u010diuojant ranken\u0117l\u0117s)<br><\/p>\n<\/div><br \/>\n<div class=\"content_block\" id=\"custom_post_widget-6810\">\n<p>\u0160is produktas pagamintas i\u0161 akmens mas\u0117s - stipraus ir labai tankaus molio <strong>ir yra i\u0161degtas daugiau nei 1200 laipsni\u0173 temperat\u016broje<\/strong>. D\u0117l to j\u012f <strong>dr\u0105siai galima \u0161ildyti mikrobang\u0117je ir plauti indaplov\u0117je.<\/strong><\/p>\n\n\n\n<p>Daugel\u012f savo gamini\u0173 liejame i\u0161 skysto molio. Tai leid\u017eia i\u0161gauti norimas formas ir tur\u0117t\u0173 plonas sieneles, kas produktus padaro lengvesniais ir suteikia modernesn\u0119 i\u0161vaizd\u0105. <strong>Kiekviename \u017eingsnyje dalyvauja m\u016bs\u0173 rankos<\/strong> - nuo eskizo popieriuje, modelio, form\u0173 gamybos, liejimo, tvarkymo, gra\u017einimo ir galiausiai siuntimo Jums.<\/p>\n<\/div><\/p>\n<div class=\"content_block\" id=\"custom_post_widget-6573\">\n<p>Tur\u0117kite omenyje, kad tiek i\u0161matavimai, tiek padengimas gali \u0161iek tiek varijuoti, kadangi tai rank\u0173 darbo gaminiai.<\/p>\n\n\n\n<p>Kiekvienas ekranas skirtingai rodos spalvas, d\u0117l to negarantuojame, kad tai, k\u0105 matote parduotuv\u0117je ir tai, k\u0105 matysite gyvai atitiks 100%.<\/p>\n<\/div>","protected":false},"excerpt":{"rendered":"","protected":false},"featured_media":8119,"comment_status":"closed","ping_status":"closed","template":"","meta":{"_et_pb_use_builder":"","_et_pb_old_content":"","_et_gb_content_width":""},"product_cat":[63],"product_tag":[],"_links":{"self":[{"href":"https:\/\/laukys.eu\/lt\/wp-json\/wp\/v2\/product\/8118"}],"collection":[{"href":"https:\/\/laukys.eu\/lt\/wp-json\/wp\/v2\/product"}],"about":[{"href":"https:\/\/laukys.eu\/lt\/wp-json\/wp\/v2\/types\/product"}],"replies":[{"embeddable":true,"href":"https:\/\/laukys.eu\/lt\/wp-json\/wp\/v2\/comments?post=8118"}],"wp:featuredmedia":[{"embeddable":true,"href":"https:\/\/laukys.eu\/lt\/wp-json\/wp\/v2\/media\/8119"}],"wp:attachment":[{"href":"https:\/\/laukys.eu\/lt\/wp-json\/wp\/v2\/media?parent=8118"}],"wp:term":[{"taxonomy":"product_cat","embeddable":true,"href":"https:\/\/laukys.eu\/lt\/wp-json\/wp\/v2\/product_cat?post=8118"},{"taxonomy":"product_tag","embeddable":true,"href":"https:\/\/laukys.eu\/lt\/wp-json\/wp\/v2\/product_tag?post=8118"}],"curies":[{"name":"wp","href":"https:\/\/api.w.org\/{rel}","templated":true}]}}