{"id":8073,"date":"2024-12-15T17:26:45","date_gmt":"2024-12-15T15:26:45","guid":{"rendered":"https:\/\/laukys.eu\/?post_type=product&#038;p=8073"},"modified":"2026-03-08T13:28:17","modified_gmt":"2026-03-08T11:28:17","slug":"mug-3-str","status":"publish","type":"product","link":"https:\/\/laukys.eu\/lt\/shop\/mug-3-str\/","title":{"rendered":"Puodelis +3 STR"},"content":{"rendered":"<p>Puodelis +3 STR - +3 j\u0117gos - dar vienas i\u0161 speciali\u0173 ComicCon Baltics 2024 kurt\u0173 produkt\u0173. Idealiai tinka Dungeons and Dragons \u017eaid\u0117jams ar tiesiog tiems, kuriems kartais rei\u0161kia \u0161iek tiek daugiau j\u0117gos.<br \/>\n<div class=\"content_block\" id=\"custom_post_widget-8071\">\n<p><strong>T\u016bris:<\/strong> ~250ml<br><strong>Auk\u0161tis:<\/strong> ~7.5-8cm<br><strong>Plotis:<\/strong> ~8.5cm (pla\u010diausioje dalyje be ranken\u0117l\u0117s)<\/p>\n<\/div><\/p>\n<div class=\"content_block\" id=\"custom_post_widget-6810\">\n<p>\u0160is produktas pagamintas i\u0161 akmens mas\u0117s - stipraus ir labai tankaus molio <strong>ir yra i\u0161degtas daugiau nei 1200 laipsni\u0173 temperat\u016broje<\/strong>. D\u0117l to j\u012f <strong>dr\u0105siai galima \u0161ildyti mikrobang\u0117je ir plauti indaplov\u0117je.<\/strong><\/p>\n\n\n\n<p>Daugel\u012f savo gamini\u0173 liejame i\u0161 skysto molio. Tai leid\u017eia i\u0161gauti norimas formas ir tur\u0117t\u0173 plonas sieneles, kas produktus padaro lengvesniais ir suteikia modernesn\u0119 i\u0161vaizd\u0105. <strong>Kiekviename \u017eingsnyje dalyvauja m\u016bs\u0173 rankos<\/strong> - nuo eskizo popieriuje, modelio, form\u0173 gamybos, liejimo, tvarkymo, gra\u017einimo ir galiausiai siuntimo Jums.<\/p>\n<\/div>\n<div class=\"content_block\" id=\"custom_post_widget-6573\">\n<p>Tur\u0117kite omenyje, kad tiek i\u0161matavimai, tiek padengimas gali \u0161iek tiek varijuoti, kadangi tai rank\u0173 darbo gaminiai.<\/p>\n\n\n\n<p>Kiekvienas ekranas skirtingai rodos spalvas, d\u0117l to negarantuojame, kad tai, k\u0105 matote parduotuv\u0117je ir tai, k\u0105 matysite gyvai atitiks 100%.<\/p>\n<\/div>","protected":false},"excerpt":{"rendered":"<p>Puodelis +3 STR - +3 j\u0117gos - dar vienas i\u0161 speciali\u0173 ComicCon Baltics 2024 kurt\u0173 produkt\u0173. Idealiai tinka Dungeons and Dragons \u017eaid\u0117jams ar tiesiog tiems, kuriems kartais rei\u0161kia \u0161iek tiek daugiau j\u0117gos.<\/p>","protected":false},"featured_media":8074,"comment_status":"closed","ping_status":"closed","template":"","meta":{"_et_pb_use_builder":"","_et_pb_old_content":"","_et_gb_content_width":""},"product_cat":[15],"product_tag":[],"_links":{"self":[{"href":"https:\/\/laukys.eu\/lt\/wp-json\/wp\/v2\/product\/8073"}],"collection":[{"href":"https:\/\/laukys.eu\/lt\/wp-json\/wp\/v2\/product"}],"about":[{"href":"https:\/\/laukys.eu\/lt\/wp-json\/wp\/v2\/types\/product"}],"replies":[{"embeddable":true,"href":"https:\/\/laukys.eu\/lt\/wp-json\/wp\/v2\/comments?post=8073"}],"wp:featuredmedia":[{"embeddable":true,"href":"https:\/\/laukys.eu\/lt\/wp-json\/wp\/v2\/media\/8074"}],"wp:attachment":[{"href":"https:\/\/laukys.eu\/lt\/wp-json\/wp\/v2\/media?parent=8073"}],"wp:term":[{"taxonomy":"product_cat","embeddable":true,"href":"https:\/\/laukys.eu\/lt\/wp-json\/wp\/v2\/product_cat?post=8073"},{"taxonomy":"product_tag","embeddable":true,"href":"https:\/\/laukys.eu\/lt\/wp-json\/wp\/v2\/product_tag?post=8073"}],"curies":[{"name":"wp","href":"https:\/\/api.w.org\/{rel}","templated":true}]}}