{"id":8067,"date":"2024-12-15T17:17:57","date_gmt":"2024-12-15T15:17:57","guid":{"rendered":"https:\/\/laukys.eu\/?post_type=product&#038;p=8067"},"modified":"2026-03-08T13:28:17","modified_gmt":"2026-03-08T11:28:17","slug":"mug-support-queen","status":"publish","type":"product","link":"https:\/\/laukys.eu\/lt\/shop\/mug-support-queen\/","title":{"rendered":"Puodelis Support Queen"},"content":{"rendered":"<p>Puodelis tikroms \"supporto\" Karalien\u0117ms. Jei ie\u0161kote puodelio draugei, kuri puikiai jau\u010diasi \"supporto\" rol\u0117je, m\u0117gsta ginti ir gydyti komandos draugus - tai \u0161is puodelis yra b\u016btent tai, ko reikia.<\/p>\n<p>Tikrai taip, auksas yra tikras! U\u017ene\u0161ame j\u012f specialaus tirpalo skystoje formoje ir degame keramikai skirtoje krosnyje dar vien\u0105, viso jau tre\u010di\u0105, kart\u0105.<\/p>\n<p><div class=\"content_block\" id=\"custom_post_widget-8025\">\n<p><strong>T\u016bris:<\/strong> ~430ml<br><strong>Auk\u0161tis:<\/strong> ~11cm<br><strong>Plotis:<\/strong> ~9.5cm (pla\u010diausiame ta\u0161ke, neskai\u010diuojant ranken\u0117l\u0117s)<\/p>\n<\/div><br \/>\n<div class=\"content_block\" id=\"custom_post_widget-6810\">\n<p>\u0160is produktas pagamintas i\u0161 akmens mas\u0117s - stipraus ir labai tankaus molio <strong>ir yra i\u0161degtas daugiau nei 1200 laipsni\u0173 temperat\u016broje<\/strong>. D\u0117l to j\u012f <strong>dr\u0105siai galima \u0161ildyti mikrobang\u0117je ir plauti indaplov\u0117je.<\/strong><\/p>\n\n\n\n<p>Daugel\u012f savo gamini\u0173 liejame i\u0161 skysto molio. Tai leid\u017eia i\u0161gauti norimas formas ir tur\u0117t\u0173 plonas sieneles, kas produktus padaro lengvesniais ir suteikia modernesn\u0119 i\u0161vaizd\u0105. <strong>Kiekviename \u017eingsnyje dalyvauja m\u016bs\u0173 rankos<\/strong> - nuo eskizo popieriuje, modelio, form\u0173 gamybos, liejimo, tvarkymo, gra\u017einimo ir galiausiai siuntimo Jums.<\/p>\n<\/div><\/p>\n<div class=\"content_block\" id=\"custom_post_widget-6573\">\n<p>Tur\u0117kite omenyje, kad tiek i\u0161matavimai, tiek padengimas gali \u0161iek tiek varijuoti, kadangi tai rank\u0173 darbo gaminiai.<\/p>\n\n\n\n<p>Kiekvienas ekranas skirtingai rodos spalvas, d\u0117l to negarantuojame, kad tai, k\u0105 matote parduotuv\u0117je ir tai, k\u0105 matysite gyvai atitiks 100%.<\/p>\n<\/div>","protected":false},"excerpt":{"rendered":"<p>A mug for true Support Queens. If you&#8217;re seeking to find gift for a friend who likes to play support\/healer characters in video games &#8211; this is the one mug you need. Yes, the gold is actually real. It&#8217;s carefuly applied in liquid form and then fired in a kiln to make it solid.<\/p>","protected":false},"featured_media":8068,"comment_status":"closed","ping_status":"closed","template":"","meta":{"_et_pb_use_builder":"","_et_pb_old_content":"","_et_gb_content_width":""},"product_cat":[15],"product_tag":[],"_links":{"self":[{"href":"https:\/\/laukys.eu\/lt\/wp-json\/wp\/v2\/product\/8067"}],"collection":[{"href":"https:\/\/laukys.eu\/lt\/wp-json\/wp\/v2\/product"}],"about":[{"href":"https:\/\/laukys.eu\/lt\/wp-json\/wp\/v2\/types\/product"}],"replies":[{"embeddable":true,"href":"https:\/\/laukys.eu\/lt\/wp-json\/wp\/v2\/comments?post=8067"}],"wp:featuredmedia":[{"embeddable":true,"href":"https:\/\/laukys.eu\/lt\/wp-json\/wp\/v2\/media\/8068"}],"wp:attachment":[{"href":"https:\/\/laukys.eu\/lt\/wp-json\/wp\/v2\/media?parent=8067"}],"wp:term":[{"taxonomy":"product_cat","embeddable":true,"href":"https:\/\/laukys.eu\/lt\/wp-json\/wp\/v2\/product_cat?post=8067"},{"taxonomy":"product_tag","embeddable":true,"href":"https:\/\/laukys.eu\/lt\/wp-json\/wp\/v2\/product_tag?post=8067"}],"curies":[{"name":"wp","href":"https:\/\/api.w.org\/{rel}","templated":true}]}}