{"id":7976,"date":"2024-12-10T05:17:36","date_gmt":"2024-12-10T03:17:36","guid":{"rendered":"https:\/\/laukys.eu\/?post_type=product&#038;p=7976"},"modified":"2026-03-08T13:29:20","modified_gmt":"2026-03-08T11:29:20","slug":"mini-bowl-4","status":"publish","type":"product","link":"https:\/\/laukys.eu\/lt\/shop\/mini-bowl-4\/","title":{"rendered":"Ma\u017easis duben\u0117lis (200ml)"},"content":{"rendered":"<p><div class=\"content_block\" id=\"custom_post_widget-7237\">\n<p>Pusry\u010diai, u\u017ekand\u017eiai, \u012fvair\u016bs skan\u0117stai - jei reikia nedidelio indelio - \u0161is skirtas b\u016btent tam.<\/p>\n\n\n\n<p><strong>T\u016bris:<\/strong> 200ml<br><strong>Auk\u0161tis:<\/strong> ~6cm<br><strong>Plotis:<\/strong> ~10.5cm vir\u0161uje<\/p>\n<\/div><br \/>\n<div class=\"content_block\" id=\"custom_post_widget-6810\">\n<p>\u0160is produktas pagamintas i\u0161 akmens mas\u0117s - stipraus ir labai tankaus molio <strong>ir yra i\u0161degtas daugiau nei 1200 laipsni\u0173 temperat\u016broje<\/strong>. D\u0117l to j\u012f <strong>dr\u0105siai galima \u0161ildyti mikrobang\u0117je ir plauti indaplov\u0117je.<\/strong><\/p>\n\n\n\n<p>Daugel\u012f savo gamini\u0173 liejame i\u0161 skysto molio. Tai leid\u017eia i\u0161gauti norimas formas ir tur\u0117t\u0173 plonas sieneles, kas produktus padaro lengvesniais ir suteikia modernesn\u0119 i\u0161vaizd\u0105. <strong>Kiekviename \u017eingsnyje dalyvauja m\u016bs\u0173 rankos<\/strong> - nuo eskizo popieriuje, modelio, form\u0173 gamybos, liejimo, tvarkymo, gra\u017einimo ir galiausiai siuntimo Jums.<\/p>\n<\/div><\/p>\n<div class=\"content_block\" id=\"custom_post_widget-6573\">\n<p>Tur\u0117kite omenyje, kad tiek i\u0161matavimai, tiek padengimas gali \u0161iek tiek varijuoti, kadangi tai rank\u0173 darbo gaminiai.<\/p>\n\n\n\n<p>Kiekvienas ekranas skirtingai rodos spalvas, d\u0117l to negarantuojame, kad tai, k\u0105 matote parduotuv\u0117je ir tai, k\u0105 matysite gyvai atitiks 100%.<\/p>\n<\/div>","protected":false},"excerpt":{"rendered":"","protected":false},"featured_media":7977,"comment_status":"closed","ping_status":"closed","template":"","meta":{"_et_pb_use_builder":"","_et_pb_old_content":"","_et_gb_content_width":""},"product_cat":[64],"product_tag":[],"_links":{"self":[{"href":"https:\/\/laukys.eu\/lt\/wp-json\/wp\/v2\/product\/7976"}],"collection":[{"href":"https:\/\/laukys.eu\/lt\/wp-json\/wp\/v2\/product"}],"about":[{"href":"https:\/\/laukys.eu\/lt\/wp-json\/wp\/v2\/types\/product"}],"replies":[{"embeddable":true,"href":"https:\/\/laukys.eu\/lt\/wp-json\/wp\/v2\/comments?post=7976"}],"wp:featuredmedia":[{"embeddable":true,"href":"https:\/\/laukys.eu\/lt\/wp-json\/wp\/v2\/media\/7977"}],"wp:attachment":[{"href":"https:\/\/laukys.eu\/lt\/wp-json\/wp\/v2\/media?parent=7976"}],"wp:term":[{"taxonomy":"product_cat","embeddable":true,"href":"https:\/\/laukys.eu\/lt\/wp-json\/wp\/v2\/product_cat?post=7976"},{"taxonomy":"product_tag","embeddable":true,"href":"https:\/\/laukys.eu\/lt\/wp-json\/wp\/v2\/product_tag?post=7976"}],"curies":[{"name":"wp","href":"https:\/\/api.w.org\/{rel}","templated":true}]}}