{"id":6655,"date":"2023-03-02T23:47:39","date_gmt":"2023-03-02T21:47:39","guid":{"rendered":"https:\/\/laukys.eu\/?page_id=6655"},"modified":"2025-05-18T21:35:36","modified_gmt":"2025-05-18T19:35:36","slug":"home","status":"publish","type":"page","link":"https:\/\/laukys.eu\/lt\/","title":{"rendered":"Homepage"},"content":{"rendered":"<p>[et_pb_section fb_built=&#8221;1&#8243; custom_padding_last_edited=&#8221;off|desktop&#8221; admin_label=&#8221;Header Section&#8221; _builder_version=&#8221;4.20.2&#8243; background_color=&#8221;#fdb71c&#8221; background_image=&#8221;https:\/\/laukys.eu\/wp-content\/uploads\/2023\/03\/header4.jpg&#8221; parallax=&#8221;on&#8221; custom_padding=&#8221;1.5%|0px|0%|0px||&#8221; custom_padding_tablet=&#8221;320px|0px|0px|0px&#8221; global_colors_info=&#8221;{}&#8221;][et_pb_row admin_label=&#8221;Header Row&#8221; _builder_version=&#8221;4.20.2&#8243; custom_padding=&#8221;||43px|||&#8221; global_colors_info=&#8221;{}&#8221;][et_pb_column type=&#8221;4_4&#8243; _builder_version=&#8221;4.16&#8243; custom_padding=&#8221;|||&#8221; global_colors_info=&#8221;{}&#8221; custom_padding__hover=&#8221;|||&#8221;][et_pb_text _builder_version=&#8221;4.20.2&#8243; text_font=&#8221;Open Sans|700|||||||&#8221; text_text_color=&#8221;#FFFFFF&#8221; text_font_size=&#8221;16px&#8221; text_line_height=&#8221;1.8em&#8221; header_font=&#8221;Oswald|||on|||||&#8221; header_text_color=&#8221;#FFFFFF&#8221; header_font_size=&#8221;60px&#8221; header_letter_spacing=&#8221;5px&#8221; header_line_height=&#8221;1.4em&#8221; background_color=&#8221;RGBA(255,255,255,0)&#8221; text_orientation=&#8221;center&#8221; background_layout=&#8221;dark&#8221; max_width=&#8221;700px&#8221; module_alignment=&#8221;center&#8221; animation_style=&#8221;fade&#8221; text_text_shadow_style=&#8221;preset3&#8243; text_text_shadow_horizontal_length=&#8221;0.17em&#8221; text_text_shadow_vertical_length=&#8221;0.17em&#8221; text_text_shadow_color=&#8221;#000000&#8243; header_text_shadow_style=&#8221;preset3&#8243; header_text_shadow_color=&#8221;#000000&#8243; global_colors_info=&#8221;{}&#8221;]<\/p>\n<h1>mes - laukys.eu<\/h1>\n<p>Turime jauki\u0105 studij\u0105 tarp Vilniaus ir Kauno. Viskas, k\u0105 \u010dia rasite - sukurta ir pagaminta m\u016bs\u0173 pa\u010di\u0173 rankomis.<\/p>\n<p>[\/et_pb_text][\/et_pb_column][\/et_pb_row][\/et_pb_section][et_pb_section fb_built=&#8221;1&#8243; _builder_version=&#8221;4.16&#8243; custom_padding=&#8221;44px|0px|60px|0px||&#8221; global_colors_info=&#8221;{}&#8221;][et_pb_row _builder_version=&#8221;4.20.0&#8243; _module_preset=&#8221;default&#8221; min_height=&#8221;386.8px&#8221; custom_margin=&#8221;-14px|auto||auto||&#8221; custom_padding=&#8221;||0px|||&#8221; global_colors_info=&#8221;{}&#8221;][et_pb_column type=&#8221;4_4&#8243; _builder_version=&#8221;4.20.0&#8243; _module_preset=&#8221;default&#8221; global_colors_info=&#8221;{}&#8221;][et_pb_shop type=&#8221;featured&#8221; posts_number=&#8221;9&#8243; columns_number=&#8221;3&#8243; orderby=&#8221;date&#8221; _builder_version=&#8221;4.20.2&#8243; _module_preset=&#8221;default&#8221; title_font=&#8221;Oswald||||||||&#8221; title_font_size=&#8221;20px&#8221; price_font=&#8221;Nunito||||||||&#8221; price_font_size=&#8221;15px&#8221; module_alignment=&#8221;center&#8221; custom_margin=&#8221;||-17px|||&#8221; box_shadow_style_image=&#8221;preset1&#8243; global_colors_info=&#8221;{}&#8221;][\/et_pb_shop][\/et_pb_column][\/et_pb_row][et_pb_row _builder_version=&#8221;4.20.2&#8243; _module_preset=&#8221;default&#8221; custom_margin=&#8221;5px||||false|false&#8221; global_colors_info=&#8221;{}&#8221;][et_pb_column type=&#8221;4_4&#8243; _builder_version=&#8221;4.20.2&#8243; _module_preset=&#8221;default&#8221; global_colors_info=&#8221;{}&#8221;][et_pb_testimonial author=&#8221;Gediminas&#8221; portrait_url=&#8221;https:\/\/laukys.eu\/wp-content\/uploads\/2023\/02\/456456-1-e1677094034521.png&#8221; quote_icon=&#8221;off&#8221; _builder_version=&#8221;4.20.2&#8243; _module_preset=&#8221;default&#8221; background_color=&#8221;#FFFFFF&#8221; hover_enabled=&#8221;0&#8243; border_radii=&#8221;on|10px|10px|10px|10px&#8221; border_width_all=&#8221;1px&#8221; global_colors_info=&#8221;{}&#8221; sticky_enabled=&#8221;0&#8243;]<\/p>\n<p>Turime daug daugiau produkt\u0173, kuriuos norime Jums parodyti. Naudokit\u0117s meniu vir\u0161uje, kuriame pasisteng\u0117me suskirstyti produktus \u012f patogias kategorijas. Jei tur\u0117site koki\u0173 nors klausim\u0173 apie produktus, parduotuv\u0119 ar pat\u012f pirkimo proces\u0105 - dr\u0105siai susisiekite bet kuriuo i\u0161 nurodyt\u0173 b\u016bd\u0173.<\/p>\n<p>[\/et_pb_testimonial][\/et_pb_column][\/et_pb_row][\/et_pb_section]<\/p>","protected":false},"excerpt":{"rendered":"<p>Welcome to laukys.eu We run a cozy studio in Lithuania, EU. Everything here is designed and made by us &#8211; two people who love ceramics.We have a lot more products to show you. Feel free to navigate the menu at the top. We did our best categorizing our products so it&#8217;d be as easy as [&hellip;]<\/p>","protected":false},"author":1,"featured_media":0,"parent":0,"menu_order":0,"comment_status":"closed","ping_status":"closed","template":"","meta":{"_et_pb_use_builder":"on","_et_pb_old_content":"","_et_gb_content_width":"","footnotes":""},"_links":{"self":[{"href":"https:\/\/laukys.eu\/lt\/wp-json\/wp\/v2\/pages\/6655"}],"collection":[{"href":"https:\/\/laukys.eu\/lt\/wp-json\/wp\/v2\/pages"}],"about":[{"href":"https:\/\/laukys.eu\/lt\/wp-json\/wp\/v2\/types\/page"}],"author":[{"embeddable":true,"href":"https:\/\/laukys.eu\/lt\/wp-json\/wp\/v2\/users\/1"}],"replies":[{"embeddable":true,"href":"https:\/\/laukys.eu\/lt\/wp-json\/wp\/v2\/comments?post=6655"}],"version-history":[{"count":9,"href":"https:\/\/laukys.eu\/lt\/wp-json\/wp\/v2\/pages\/6655\/revisions"}],"predecessor-version":[{"id":8146,"href":"https:\/\/laukys.eu\/lt\/wp-json\/wp\/v2\/pages\/6655\/revisions\/8146"}],"wp:attachment":[{"href":"https:\/\/laukys.eu\/lt\/wp-json\/wp\/v2\/media?parent=6655"}],"curies":[{"name":"wp","href":"https:\/\/api.w.org\/{rel}","templated":true}]}}