{"id":216,"date":"2023-02-23T11:14:34","date_gmt":"2023-02-23T09:14:34","guid":{"rendered":"https:\/\/laukys.eu\/?page_id=216"},"modified":"2024-12-03T12:44:53","modified_gmt":"2024-12-03T10:44:53","slug":"privacy-policy","status":"publish","type":"page","link":"https:\/\/laukys.eu\/lt\/privacy-policy\/","title":{"rendered":"Privatumo politika"},"content":{"rendered":"<p>[et_pb_section fb_built=&#8221;1&#8243; custom_padding_last_edited=&#8221;off|desktop&#8221; admin_label=&#8221;Header Section&#8221; _builder_version=&#8221;4.20.2&#8243; background_enable_color=&#8221;off&#8221; background_image=&#8221;https:\/\/laukys.eu\/wp-content\/uploads\/2023\/03\/header4.jpg&#8221; parallax=&#8221;on&#8221; custom_padding=&#8221;0.4%|0px|0%|0px||&#8221; custom_padding_tablet=&#8221;320px|0px|0px|0px&#8221; background_color_tablet=&#8221;RGBA(255,255,255,0)&#8221; background_last_edited=&#8221;on|phone&#8221; background_enable_color_tablet=&#8221;on&#8221; background_enable_mask_style_tablet=&#8221;off&#8221; global_colors_info=&#8221;{}&#8221;][et_pb_row admin_label=&#8221;Header Row&#8221; _builder_version=&#8221;4.16&#8243; custom_padding=&#8221;44px|||||&#8221; global_colors_info=&#8221;{}&#8221;][et_pb_column type=&#8221;4_4&#8243; _builder_version=&#8221;4.16&#8243; custom_padding=&#8221;|||&#8221; global_colors_info=&#8221;{}&#8221; custom_padding__hover=&#8221;|||&#8221;][et_pb_text _builder_version=&#8221;4.20.2&#8243; text_font=&#8221;Open Sans|600|||||||&#8221; text_font_size=&#8221;16px&#8221; text_line_height=&#8221;1.8em&#8221; header_font=&#8221;Oswald|||on|||||&#8221; header_text_color=&#8221;#FFFFFF&#8221; header_font_size=&#8221;60px&#8221; header_letter_spacing=&#8221;5px&#8221; header_line_height=&#8221;1.4em&#8221; text_orientation=&#8221;center&#8221; max_width=&#8221;700px&#8221; module_alignment=&#8221;center&#8221; custom_margin=&#8221;||-7px|||&#8221; animation_style=&#8221;fade&#8221; header_font_size_tablet=&#8221;60px&#8221; header_font_size_phone=&#8221;28px&#8221; header_font_size_last_edited=&#8221;on|phone&#8221; header_text_shadow_style=&#8221;preset3&#8243; header_text_shadow_color=&#8221;#000000&#8243; global_colors_info=&#8221;{}&#8221;]<\/p>\n<h1>Privatumo politika<\/h1>\n<p>&nbsp;<\/p>\n<p>[\/et_pb_text][\/et_pb_column][\/et_pb_row][\/et_pb_section][et_pb_section fb_built=&#8221;1&#8243; _builder_version=&#8221;4.16&#8243; custom_padding=&#8221;14px|0px|60px|0px||&#8221; global_colors_info=&#8221;{}&#8221;][et_pb_row _builder_version=&#8221;4.20.0&#8243; _module_preset=&#8221;default&#8221; global_colors_info=&#8221;{}&#8221;][et_pb_column type=&#8221;4_4&#8243; _builder_version=&#8221;4.20.0&#8243; _module_preset=&#8221;default&#8221; global_colors_info=&#8221;{}&#8221;][et_pb_text _builder_version=&#8221;4.20.0&#8243; _module_preset=&#8221;default&#8221; global_colors_info=&#8221;{}&#8221;]<\/p>\n<h1 style=\"text-align: left;\"><strong>Privatumo politika<\/strong><\/h1>\n<p>[\/et_pb_text][et_pb_text _builder_version=&#8221;4.20.0&#8243; _module_preset=&#8221;default&#8221; text_text_color=&#8221;#000000&#8243; text_font_size=&#8221;15px&#8221; global_colors_info=&#8221;{}&#8221;]<\/p>\n<blockquote>\n<p><span style=\"color: #000000;\"><strong>Koki\u0105 informacij\u0105 renkame?<\/strong><\/span><\/p>\n<\/blockquote>\n<p>Su J\u016bs\u0173 sutikimu renkame \u0161i\u0105 informacij\u0105:<\/p>\n<p>Standartin\u0117 nar\u0161ykl\u0117s informacija, tokia kaip IP adresas, geolokacija (jei \u012fjungta), nar\u0161ykl\u0117s tipas, i\u0161 kur at\u0117jote pas mus (jei yra galimyb\u0117), kaip naudojat\u0117s m\u016bs\u0173 puslapi\u0173 ir pan.<\/p>\n<p>Bet kokia kita informacija, kuri\u0105 patys savo noru pateikiate mums (pavyzd\u017eiui visa informacija, kuri\u0105 suvedate atlikdami u\u017esakym\u0105).<\/p>\n<p>[\/et_pb_text][et_pb_text _builder_version=&#8221;4.20.0&#8243; _module_preset=&#8221;default&#8221; text_text_color=&#8221;#000000&#8243; text_font_size=&#8221;15px&#8221; custom_padding=&#8221;0px|||||&#8221; global_colors_info=&#8221;{}&#8221;]<\/p>\n<blockquote>\n<p><span style=\"color: #000000;\"><strong>Sausainiukai\u00a0<\/strong><\/span><\/p>\n<\/blockquote>\n<p><span style=\"color: #000000;\">Naudojame Google Analytics (GA). GA generuoja statistin\u0119 nuasmenint\u0105 informacij\u0105, kuria laiko savo serveriuose. J\u0173 privatumo politika: <a href=\"http:\/\/www.google.com\/privacypolicy.html\">http:\/\/www.google.com\/privacypolicy.html<\/a>J\u016bs galite atsisakyti priimti sausainiukus, ta\u010diau tai potencialiai gali neigiamai paveikti naudojim\u0105si \u0161iuo tinklapiu.<\/span><\/p>\n<p>[\/et_pb_text][et_pb_text _builder_version=&#8221;4.20.0&#8243; _module_preset=&#8221;default&#8221; text_text_color=&#8221;#000000&#8243; text_font_size=&#8221;15px&#8221; global_colors_info=&#8221;{}&#8221;]<\/p>\n<blockquote>\n<p><span style=\"color: #000000;\"><strong>J\u016bs\u0173 asmenin\u0117s informacijos naudojimas<\/strong><\/span><\/p>\n<\/blockquote>\n<p>\u00a0Bet kokia i\u0161 J\u016bs\u0173 surinkta informacija gali b\u016bti naudojama tik \u0161iems tikslams:<\/p>\n<p>Administraciniai veiksmai puslapio viduje<br \/>U\u017esakymo atlikimas<br \/>Patirties besinaudojant \u0161iuo puslapiu gerinimas<br \/>(Tik jei atskirai sutiksite) galime Jums si\u0173sti el. lai\u0161kus su pasi\u016blymais.<\/p>\n<p>Vienintel\u0117 tre\u010dioji \u0161alis, turinti pri\u0117jim\u0105 prie kai kuri\u0173 duomen\u0173 yra Google Analytics platforma. Pa\u017eymime, kad Google Analytics turi pri\u0117jim\u0105 tik prie visi\u0161kai nuasmenintos informacijos, kuri\u0105 naudoja grie\u017etai tik statistikos generavimui.\u00a0\u00a0<\/p>\n<p>[\/et_pb_text][et_pb_text _builder_version=&#8221;4.20.0&#8243; _module_preset=&#8221;default&#8221; text_text_color=&#8221;#000000&#8243; text_font_size=&#8221;15px&#8221; global_colors_info=&#8221;{}&#8221;]<\/p>\n<blockquote>\n<p><span style=\"color: #000000;\"><strong>Privatumo politikos keitimas<\/strong><\/span><\/p>\n<\/blockquote>\n<p><span style=\"color: #000000;\">Pasiliekame teis\u0119 keisti savo privatumo politik\u0105.<\/span><span style=\"color: #000000;\"><\/span><\/p>\n<p>[\/et_pb_text][et_pb_text _builder_version=&#8221;4.20.0&#8243; _module_preset=&#8221;default&#8221; text_text_color=&#8221;#000000&#8243; text_font_size=&#8221;15px&#8221; global_colors_info=&#8221;{}&#8221;]<\/p>\n<blockquote>\n<p><span style=\"color: #000000;\"><strong>Nuorodos \u012f kitas svetaines<\/strong><\/span><\/p>\n<\/blockquote>\n<p><span style=\"color: #000000;\">\u0160iame tinklapyje galite rasti nuorod\u0173 \u012f kitas svetaines. Mes neatsakome u\u017e j\u016bs\u0173 patirt\u012f ir sauguma Jums palikus laukys.eu svetain\u0119.<\/span><\/p>\n<p><span style=\"color: #000000;\">Atsakingas asmuo: Gediminas Bakutis, individualios veiklos nr. 1030480<\/span><\/p>\n<p>[\/et_pb_text][\/et_pb_column][\/et_pb_row][\/et_pb_section]<\/p>","protected":false},"excerpt":{"rendered":"<p>Privacy policy &nbsp;Privacy policy What data do we collect? We can collect, store and use the following data: Basic browser info, such as usage of this website, IP address, geolocation (if enabled), browser type, where you were redirected from, page view count, etc. All other data you willingly give to us, such as your contact [&hellip;]<\/p>","protected":false},"author":1,"featured_media":0,"parent":0,"menu_order":0,"comment_status":"closed","ping_status":"closed","template":"","meta":{"_et_pb_use_builder":"on","_et_pb_old_content":"","_et_gb_content_width":"","footnotes":""},"_links":{"self":[{"href":"https:\/\/laukys.eu\/lt\/wp-json\/wp\/v2\/pages\/216"}],"collection":[{"href":"https:\/\/laukys.eu\/lt\/wp-json\/wp\/v2\/pages"}],"about":[{"href":"https:\/\/laukys.eu\/lt\/wp-json\/wp\/v2\/types\/page"}],"author":[{"embeddable":true,"href":"https:\/\/laukys.eu\/lt\/wp-json\/wp\/v2\/users\/1"}],"replies":[{"embeddable":true,"href":"https:\/\/laukys.eu\/lt\/wp-json\/wp\/v2\/comments?post=216"}],"version-history":[{"count":3,"href":"https:\/\/laukys.eu\/lt\/wp-json\/wp\/v2\/pages\/216\/revisions"}],"predecessor-version":[{"id":7691,"href":"https:\/\/laukys.eu\/lt\/wp-json\/wp\/v2\/pages\/216\/revisions\/7691"}],"wp:attachment":[{"href":"https:\/\/laukys.eu\/lt\/wp-json\/wp\/v2\/media?parent=216"}],"curies":[{"name":"wp","href":"https:\/\/api.w.org\/{rel}","templated":true}]}}