{"id":205,"date":"2023-02-23T10:54:02","date_gmt":"2023-02-23T08:54:02","guid":{"rendered":"https:\/\/laukys.eu\/?page_id=205"},"modified":"2025-09-05T11:01:46","modified_gmt":"2025-09-05T09:01:46","slug":"terms-and-returns","status":"publish","type":"page","link":"https:\/\/laukys.eu\/lt\/terms-and-returns\/","title":{"rendered":"Pirkimo taisykl\u0117s ir gr\u0105\u017einimai"},"content":{"rendered":"<p>[et_pb_section fb_built=&#8221;1&#8243; custom_padding_last_edited=&#8221;off|desktop&#8221; admin_label=&#8221;Header Section&#8221; _builder_version=&#8221;4.20.2&#8243; background_enable_color=&#8221;off&#8221; background_image=&#8221;https:\/\/laukys.eu\/wp-content\/uploads\/2023\/03\/header4.jpg&#8221; parallax=&#8221;on&#8221; custom_padding=&#8221;0.4%|0px|0%|0px||&#8221; custom_padding_tablet=&#8221;320px|0px|0px|0px&#8221; background_color_tablet=&#8221;RGBA(255,255,255,0)&#8221; background_last_edited=&#8221;on|phone&#8221; background_enable_color_tablet=&#8221;on&#8221; background_enable_mask_style_tablet=&#8221;off&#8221; global_colors_info=&#8221;{}&#8221;][et_pb_row admin_label=&#8221;Header Row&#8221; _builder_version=&#8221;4.16&#8243; custom_padding=&#8221;||0px|||&#8221; global_colors_info=&#8221;{}&#8221;][et_pb_column type=&#8221;4_4&#8243; _builder_version=&#8221;4.16&#8243; custom_padding=&#8221;|||&#8221; global_colors_info=&#8221;{}&#8221; custom_padding__hover=&#8221;|||&#8221;][et_pb_text _builder_version=&#8221;4.20.2&#8243; text_font=&#8221;Open Sans|600|||||||&#8221; text_font_size=&#8221;16px&#8221; text_line_height=&#8221;1.8em&#8221; header_font=&#8221;Oswald|||on|||||&#8221; header_text_color=&#8221;#FFFFFF&#8221; header_font_size=&#8221;60px&#8221; header_letter_spacing=&#8221;5px&#8221; header_line_height=&#8221;1.4em&#8221; text_orientation=&#8221;center&#8221; max_width=&#8221;700px&#8221; module_alignment=&#8221;center&#8221; animation_style=&#8221;fade&#8221; header_font_size_tablet=&#8221;60px&#8221; header_font_size_phone=&#8221;28px&#8221; header_font_size_last_edited=&#8221;on|phone&#8221; header_text_shadow_style=&#8221;preset3&#8243; header_text_shadow_color=&#8221;#000000&#8243; global_colors_info=&#8221;{}&#8221;]<\/p>\n<h1>Pirkimo taisykl\u0117s ir gr\u0105\u017einimai<\/h1>\n<p>&nbsp;<\/p>\n<p>[\/et_pb_text][\/et_pb_column][\/et_pb_row][\/et_pb_section][et_pb_section fb_built=&#8221;1&#8243; _builder_version=&#8221;4.16&#8243; custom_padding=&#8221;14px|0px|60px|0px||&#8221; global_colors_info=&#8221;{}&#8221;][et_pb_row column_structure=&#8221;1_2,1_2&#8243; _builder_version=&#8221;4.20.0&#8243; _module_preset=&#8221;default&#8221; global_colors_info=&#8221;{}&#8221;][et_pb_column type=&#8221;1_2&#8243; _builder_version=&#8221;4.20.0&#8243; _module_preset=&#8221;default&#8221; global_colors_info=&#8221;{}&#8221;][et_pb_text _builder_version=&#8221;4.20.0&#8243; _module_preset=&#8221;default&#8221; global_colors_info=&#8221;{}&#8221;]<\/p>\n<h1 style=\"text-align: left;\"><strong>Pirkimo taisykl\u0117s<\/strong><\/h1>\n<p>[\/et_pb_text][et_pb_text _builder_version=&#8221;4.20.2&#8243; _module_preset=&#8221;default&#8221; text_text_color=&#8221;#000000&#8243; text_font_size=&#8221;15px&#8221; inline_fonts=&#8221;Kalivo&#8221; global_colors_info=&#8221;{}&#8221;]<\/p>\n<blockquote>\n<p>Pradedame vykdyti u\u017esakym\u0105 tik gav\u0119 apmok\u0117jim\u0105. Pasiliekame teis\u0119 at\u0161aukti u\u017esakym\u0105 ir gr\u0105\u017einti piln\u0105 sum\u0105 jei d\u0117l bet kokios prie\u017easties matome, kad u\u017esakymo atlikti negal\u0117sime.<\/p>\n<\/blockquote>\n<blockquote>\n<p>J\u016bs esate atsakingi u\u017e teisingai pateikt\u0105 informacij\u0105 apie save, kuri b\u016btina u\u017esakymui apdoroti. Mes neprisiimame atsakomyb\u0117s d\u0117l u\u017esakymo pristatymo b\u0117d\u0173, jei bus neteisingai nurodytas adresas, vardas, telefono numeris ar bet kokia kita informacija u\u017esakymo metu.<\/p>\n<\/blockquote>\n<blockquote>\n<p><span style=\"color: #000000;\">Pirk\u0117jas privalo perskaityti visas taisykles ir produkt\u0173 apra\u0161ymus prie\u0161 priimdamas sprendim\u0105 atlikti u\u017esakym\u0105.<\/span><\/p>\n<\/blockquote>\n<blockquote>\n<p><span style=\"color: #000000;\">Mes pasiliekame teis\u0119 at\u0161aukti bet kur\u012f personalizuot\u0105 u\u017esakym\u0105, jei jo turinys prie\u0161tarauja Lietuvos, Europos S\u0105jungos \u012fstatymams ar m\u016bs\u0173 moraliniams \u012fsitikinimams.<\/span><\/p>\n<\/blockquote>\n<blockquote>\n<p><span style=\"color: #000000;\">M\u016bs\u0173 atsakomyb\u0117 - atlikti u\u017esakym\u0105 laiku, ta\u010diau negalime b\u016bti atsakingi u\u017e kurjeri\u0173 ar pa\u0161to darb\u0105. Bet kokiu atveju, jei matome, kad u\u017esakymas stringa - bandome j\u012f skubinti ir ie\u0161koti geriausios i\u0161eities.<\/span><\/p>\n<p><span style=\"color: #000000;\">\u00a0<\/span><\/p>\n<p><span style=\"color: #000000;\">Mes prisiimame atsakomyb\u0119 tvarkingai ir saugiai supakuoti J\u016bs\u0173 u\u017esakym\u0105, ta\u010diau labai pra\u0161ome J\u016bs\u0173 nufilmuoti d\u0117\u017e\u0117s atidarymo ir i\u0161pakavimo moment\u0105. Pasitaiko atvej\u0173, ypa\u010d siun\u010diant siuntas u\u017e ES rib\u0173, kai siunta yra tikrinama ir sudedama atgal neteisingai. Deja, negalime prisiimti atsakomyb\u0117s u\u017e tokius atvejus.\u00a0<\/span><\/p>\n<p><span style=\"color: #000000;\"><\/span><\/p>\n<p><span style=\"color: #000000;\"><\/span><\/p>\n<p><span style=\"color: #000000;\"><\/span><\/p>\n<p><span style=\"color: #000000;\"><\/span><\/p>\n<p><span style=\"color: #000000;\">\u00a0<\/span><\/p>\n<p><span style=\"color: #000000; font-family: inherit; font-weight: normal; font-size: small;\">Pardav\u0117jas: Gediminas Bakutis, +37061866321, <a href=\"mailto:gediminas@laukys.eu,\">gediminas@laukys.eu,<\/a> individualios veiklos nr. 1034080<\/span><\/p>\n<p><span style=\"color: #000000;\"><\/span><\/p>\n<p><span style=\"color: #000000;\"><\/span><\/p>\n<\/blockquote>\n<p>[\/et_pb_text][\/et_pb_column][et_pb_column type=&#8221;1_2&#8243; _builder_version=&#8221;4.20.0&#8243; _module_preset=&#8221;default&#8221; global_colors_info=&#8221;{}&#8221;][et_pb_text _builder_version=&#8221;4.20.0&#8243; _module_preset=&#8221;default&#8221; global_colors_info=&#8221;{}&#8221;]<\/p>\n<h1 style=\"text-align: left;\"><strong>Gr\u0105\u017einimai<\/strong><\/h1>\n<p>[\/et_pb_text][et_pb_text _builder_version=&#8221;4.20.0&#8243; _module_preset=&#8221;default&#8221; text_text_color=&#8221;#000000&#8243; text_font_size=&#8221;15px&#8221; global_colors_info=&#8221;{}&#8221;]<\/p>\n<blockquote>\n<p>Turite teis\u0119 gr\u0105\u017einti u\u017esakym\u0105 (i\u0161skyrus personalizuotus u\u017esakymus), ta\u010diau tam yra tam tikros taisykl\u0117s.<\/p>\n<\/blockquote>\n<blockquote>\n<p>Jei Jums nepatiko gautos prek\u0117s, susisiekite per 14 dien\u0173 nuo siuntos gavimo dienos. Prek\u0117s privalo likti nepanaudotos, nei\u0161pakuotos ir 100% tokios, kokias i\u0161siunt\u0117me, \u012fskaitant supakavim\u0105. Mes pasiliekame teis\u0119 pra\u0161yti nuotrauk\u0173\/video \u012frodym\u0173 apie preki\u0173\/siuntinio b\u016bkl\u0119. Papildomos i\u0161laidos tenka jums (siuntimas atgal mums ir t.t.). Gav\u0119 gr\u0105\u017eint\u0105 siuntin\u012f j\u012f ap\u017ei\u016br\u0117sime ir jei viskas tvarkoje - gr\u0105\u017einsime Jums piln\u0105 u\u017esakymo sum\u0105 (i\u0161skyrus siuntimo i\u0161laidas). Jei rasime defekt\u0173 - pasiliekame teis\u0119 pinig\u0173 negr\u0105\u017einti ar gr\u0105\u017einti dalinai.<\/p>\n<\/blockquote>\n<blockquote>\n<p>Jei u\u017esakymas Jus pasiek\u0117 defektuotas arba \u012fd\u0117jome ne tas prekes - susisiekite kuo skubiau ir mes padarysime visk\u0105, kad i\u0161taisytume situacij\u0105, \u017einoma, m\u016bs\u0173 pa\u010di\u0173 l\u0117\u0161omis.<\/p>\n<\/blockquote>\n<blockquote>\n<p>Nepriimame gr\u0105\u017einam\u0173 siunt\u0173, apie kurias i\u0161 anksto nebuvo prane\u0161ta ir nesuderinome vis\u0173 detali\u0173.<\/p>\n<\/blockquote>\n<blockquote>\n<p><strong>Trumpai tariant - jei mes suklydome, visk\u0105 i\u0161taisysime kuo grei\u010diau ir savo l\u0117\u0161omis.<\/strong><\/p>\n<\/blockquote>\n<blockquote>\n<p>Atkreipkite d\u0117mes\u012f, kad mes prie kiekvieno produkto pateikiame vis\u0105 \u012fmanom\u0105 informacij\u0105 - spalva, dydis, med\u017eiagos, i\u0161siuntimo laikas ir pan. Ta\u010diau kiekvienas ekranas spalvas atvaizduoja kitaip. Spalvos taip pat priklauso ir nuo ap\u0161vietimo tipo, d\u0117l to nepriimame pretenzij\u0173 d\u0117l spalv\u0173 neatitikimo. Nekalbame apie atvejus, kai puslapyje matote m\u0117lyn\u0105, o mes atsiun\u010diame gelton\u0105 - kalbame apie keliais tonais besiskirian\u010dias spalvas\/atspalvius\/\u0161viesum\u0105.<\/p>\n<\/blockquote>\n<blockquote>\n<p><strong>Personalizuoti u\u017esakymai negali b\u016bti gr\u0105\u017einti, nebent atkeliavo su ai\u0161kiais defektais.\u00a0<\/strong><\/p>\n<\/blockquote>\n<p>[\/et_pb_text][\/et_pb_column][\/et_pb_row][\/et_pb_section]<\/p>","protected":false},"excerpt":{"rendered":"<p>Buying terms and returns &nbsp;Buying terms We start processing when the payment has cleared. We have the right to cancel the order and refund full sum if for any reason we see that we will not be able to fulfill the order. You are responsible for providing correct contact information. We will not be held [&hellip;]<\/p>","protected":false},"author":1,"featured_media":0,"parent":0,"menu_order":0,"comment_status":"closed","ping_status":"closed","template":"","meta":{"_et_pb_use_builder":"on","_et_pb_old_content":"","_et_gb_content_width":"","footnotes":""},"_links":{"self":[{"href":"https:\/\/laukys.eu\/lt\/wp-json\/wp\/v2\/pages\/205"}],"collection":[{"href":"https:\/\/laukys.eu\/lt\/wp-json\/wp\/v2\/pages"}],"about":[{"href":"https:\/\/laukys.eu\/lt\/wp-json\/wp\/v2\/types\/page"}],"author":[{"embeddable":true,"href":"https:\/\/laukys.eu\/lt\/wp-json\/wp\/v2\/users\/1"}],"replies":[{"embeddable":true,"href":"https:\/\/laukys.eu\/lt\/wp-json\/wp\/v2\/comments?post=205"}],"version-history":[{"count":6,"href":"https:\/\/laukys.eu\/lt\/wp-json\/wp\/v2\/pages\/205\/revisions"}],"predecessor-version":[{"id":8173,"href":"https:\/\/laukys.eu\/lt\/wp-json\/wp\/v2\/pages\/205\/revisions\/8173"}],"wp:attachment":[{"href":"https:\/\/laukys.eu\/lt\/wp-json\/wp\/v2\/media?parent=205"}],"curies":[{"name":"wp","href":"https:\/\/api.w.org\/{rel}","templated":true}]}}