{"id":197,"date":"2023-02-23T10:03:11","date_gmt":"2023-02-23T08:03:11","guid":{"rendered":"https:\/\/laukys.eu\/?page_id=197"},"modified":"2025-08-16T12:06:23","modified_gmt":"2025-08-16T10:06:23","slug":"shipping-and-payments","status":"publish","type":"page","link":"https:\/\/laukys.eu\/lt\/shipping-and-payments\/","title":{"rendered":"Pristatymas ir atsiskaitymas"},"content":{"rendered":"<p>[et_pb_section fb_built=&#8221;1&#8243; custom_padding_last_edited=&#8221;off|desktop&#8221; admin_label=&#8221;Header Section&#8221; _builder_version=&#8221;4.20.2&#8243; background_enable_color=&#8221;off&#8221; use_background_color_gradient=&#8221;on&#8221; background_color_gradient_stops=&#8221;rgba(255,255,255,0) 100%|#ffffff 100%&#8221; background_color_gradient_overlays_image=&#8221;on&#8221; background_color_gradient_start=&#8221;#ffffff&#8221; background_color_gradient_start_position=&#8221;40%&#8221; background_color_gradient_end=&#8221;rgba(255,255,255,0)&#8221; background_image=&#8221;https:\/\/laukys.eu\/wp-content\/uploads\/2023\/03\/header4.jpg&#8221; parallax=&#8221;on&#8221; custom_margin=&#8221;-6px||||false|false&#8221; custom_padding=&#8221;0.4%|5px|0%|0px||&#8221; custom_padding_tablet=&#8221;320px|0px|0px|0px&#8221; background_color_tablet=&#8221;RGBA(255,255,255,0)&#8221; background_last_edited=&#8221;on|tablet&#8221; background_enable_color_tablet=&#8221;on&#8221; background_enable_color_phone=&#8221;off&#8221; background_enable_mask_style_tablet=&#8221;off&#8221; background_enable_mask_style_phone=&#8221;off&#8221; global_colors_info=&#8221;{}&#8221;][et_pb_row admin_label=&#8221;Header Row&#8221; _builder_version=&#8221;4.20.0&#8243; custom_padding=&#8221;||0px|||&#8221; global_colors_info=&#8221;{}&#8221;][et_pb_column type=&#8221;4_4&#8243; _builder_version=&#8221;4.16&#8243; custom_padding=&#8221;|||&#8221; global_colors_info=&#8221;{}&#8221; custom_padding__hover=&#8221;|||&#8221;][et_pb_text _builder_version=&#8221;4.20.2&#8243; text_font=&#8221;Open Sans|600|||||||&#8221; text_text_color=&#8221;#FFFFFF&#8221; text_font_size=&#8221;16px&#8221; text_line_height=&#8221;1.8em&#8221; header_font=&#8221;Oswald|||on|||||&#8221; header_text_color=&#8221;#FFFFFF&#8221; header_font_size=&#8221;60px&#8221; header_letter_spacing=&#8221;5px&#8221; header_line_height=&#8221;1.4em&#8221; text_orientation=&#8221;center&#8221; max_width=&#8221;700px&#8221; module_alignment=&#8221;center&#8221; animation_style=&#8221;fade&#8221; header_font_tablet=&#8221;Oswald|||on|||||&#8221; header_font_phone=&#8221;Oswald|||on|||||&#8221; header_font_last_edited=&#8221;on|desktop&#8221; header_font_size_tablet=&#8221;60px&#8221; header_font_size_phone=&#8221;28px&#8221; header_font_size_last_edited=&#8221;on|phone&#8221; header_text_shadow_style=&#8221;preset3&#8243; header_text_shadow_color=&#8221;#000000&#8243; global_colors_info=&#8221;{}&#8221;]<\/p>\n<h1>Pristatymas ir atsiskaitymas<\/h1>\n<p>&nbsp;<\/p>\n<p>[\/et_pb_text][\/et_pb_column][\/et_pb_row][\/et_pb_section][et_pb_section fb_built=&#8221;1&#8243; _builder_version=&#8221;4.16&#8243; custom_padding=&#8221;14px|0px|60px|0px||&#8221; global_colors_info=&#8221;{}&#8221;][et_pb_row column_structure=&#8221;1_2,1_2&#8243; _builder_version=&#8221;4.20.0&#8243; _module_preset=&#8221;default&#8221; global_colors_info=&#8221;{}&#8221;][et_pb_column type=&#8221;1_2&#8243; _builder_version=&#8221;4.20.0&#8243; _module_preset=&#8221;default&#8221; global_colors_info=&#8221;{}&#8221;][et_pb_text _builder_version=&#8221;4.20.0&#8243; _module_preset=&#8221;default&#8221; global_colors_info=&#8221;{}&#8221;]<\/p>\n<h1 style=\"text-align: left;\"><strong>Pristatymas<\/strong><\/h1>\n<p>[\/et_pb_text][et_pb_text _builder_version=&#8221;4.20.0&#8243; _module_preset=&#8221;default&#8221; text_text_color=&#8221;#000000&#8243; text_font_size=&#8221;15px&#8221; global_colors_info=&#8221;{}&#8221;]<\/p>\n<blockquote>\n<p><span style=\"color: #000000;\"><strong>Per kiek laiko i\u0161si\u0173site mano u\u017esakym\u0105?<\/strong><\/span><\/p>\n<\/blockquote>\n<p><span style=\"color: #000000;\">Da\u017eniausiai u\u017esakymus i\u0161siun\u010diame per 1-2 darbo dienas. Jei produktus reikia gaminti, \u017einoma, tai u\u017etrunka ilgiau. Vis\u0173 preki\u0173 preliminarus i\u0161siuntimo laikas para\u0161ytas prek\u0117s apra\u0161yme.<\/span><\/p>\n<p>[\/et_pb_text][et_pb_text _builder_version=&#8221;4.20.0&#8243; _module_preset=&#8221;default&#8221; text_text_color=&#8221;#000000&#8243; text_font_size=&#8221;15px&#8221; global_colors_info=&#8221;{}&#8221;]<\/p>\n<blockquote>\n<p><span style=\"color: #000000;\"><strong>Ar siun\u010diate \u012f u\u017esien\u012f?<\/strong><\/span><\/p>\n<\/blockquote>\n<p><span style=\"color: #000000;\">Taip, galime si\u0173sti \u012f beveik visas pasaulio \u0161alis, i\u0161skyrus mordor\u0105 ir kelias kitas. Jei jus dominan\u010dios \u0161alies n\u0117ra pasirinkimo laukelyje - susisiekite.<\/span><\/p>\n<p>[\/et_pb_text][et_pb_text _builder_version=&#8221;4.20.0&#8243; _module_preset=&#8221;default&#8221; text_text_color=&#8221;#000000&#8243; text_font_size=&#8221;15px&#8221; global_colors_info=&#8221;{}&#8221;]<\/p>\n<blockquote>\n<p><span style=\"color: #000000;\"><strong>Per kiek laiko u\u017esakymas pasieks mane?<\/strong><\/span><\/p>\n<\/blockquote>\n<p><span style=\"color: #000000;\">Da\u017eniausiai u\u017esakymai klientus pasiekia per 1-2 darbo dienas po i\u0161siuntimo. \u017dinoma, priklausomai nuo kurjeri\u0173 u\u017eimtumo, siuntos gali \u0161iek tiek v\u0117luoti. Jei turite labai grie\u017et\u0105 laiko tarp\u0105, kada reikia gauti u\u017esakym\u0105 - susisiekite.<\/span><\/p>\n<p>[\/et_pb_text][et_pb_text _builder_version=&#8221;4.20.0&#8243; _module_preset=&#8221;default&#8221; text_text_color=&#8221;#000000&#8243; text_font_size=&#8221;15px&#8221; global_colors_info=&#8221;{}&#8221;]<\/p>\n<blockquote>\n<p><span style=\"color: #000000;\"><strong>\u00a0Kiek kainuoja pristatymas?<\/strong><\/span><\/p>\n<\/blockquote>\n<p><span style=\"color: #000000;\">Si\u016bome kelis siuntimo b\u016bdus. Pristatymo kaina priklauso nuo siuntimo b\u016bdo ir \u0161alies.<\/span><\/p>\n<p><strong>Latvija, Estija<\/strong> - 9\u20ac vienam u\u017esakymui<span style=\"color: #000000;\"><\/span><\/p>\n<p><span style=\"color: #000000;\"><\/span><\/p>\n<p><strong>Belgija, Bulgarija, Kroatija, \u010cekija, Danija, Vokietija, Vengrija, Liuksemburgas, Nyderlandai, Lenkija, Slovakija<\/strong> - 18\u20ac vienam u\u017esakymui.<\/p>\n<p><strong>Austrija, Rumunija, Slov\u0117nija<\/strong> - 22\u20ac vienam u\u017esakymui.<span style=\"color: #000000;\"><\/span><\/p>\n<p><strong>Suomija, Pranc\u016bzija, Graikija, Airija, Italija, \u0160vedija, Norvegija<\/strong> - 31\u20ac vienam u\u017esakymui.<\/p>\n<p><strong>Ispanija<\/strong> - 40\u20ac vienam u\u017esakymui.<\/p>\n<p>Kai kurioms \u0161alims, tokioms kaip<strong> Did\u017eioji Britanija ar Kanada<\/strong> taikome siuntimo kainos skai\u010davim\u0105 priklausomai nuo u\u017esakymo svorio. Galutin\u0117 kaina bus paskai\u010diuota prie\u0161 atsiskaitant.<\/p>\n<p><span style=\"color: #e02b20;\"><strong>!!!<\/strong> Galimyb\u0117 u\u017esisakyti tiesiai \u012f JAV yra i\u0161jungta. Jei sutinkate prisiimti vis\u0105 atsakomyb\u0119 ir susimok\u0117ti visus t\u0105 dien\u0105 JAV galiojan\u010dius importo ir kitus mokes\u010dius - galite susisiekti el. pa\u0161tu ar Instragram \u017einute.<\/span><\/p>\n<p><strong>Jei J\u016bs\u0173 \u0161alies n\u0117ra s\u0105ra\u0161e - susisiekite ir tikriausiai j\u0105 prid\u0117sime.<\/strong><strong><\/strong><\/p>\n<p>Jei manot, kad siuntimas \u012f ka\u017ekuri\u0105 u\u017esienio \u0161al\u012f yra per brangus - susisiekite. Galb\u016bt pavyks rasti abiems pus\u0117ms palank\u0173 variant\u0105.<strong><\/strong><\/p>\n<p><span style=\"color: #000000;\">Galutin\u0117 siuntimo kaina nurodoma prie\u0161 apmokant u\u017esakym\u0105.<br \/><\/span><\/p>\n<p><span style=\"color: #000000;\">Vietini\u0173 u\u017esakym\u0173 pristatymo \u012f <strong>Lietuv\u0105<\/strong> kaina yra 4\u20ac - 6\u20ac priklausomai nuo pasirinkto pristatymo tipo. Atsiimti vietoje galimyb\u0117s n\u0117ra. Visus u\u017esakymus siun\u010diame.<\/span><\/p>\n<p>[\/et_pb_text][et_pb_text _builder_version=&#8221;4.20.0&#8243; _module_preset=&#8221;default&#8221; text_text_color=&#8221;#000000&#8243; text_font_size=&#8221;15px&#8221; global_colors_info=&#8221;{}&#8221;]<\/p>\n<blockquote>\n<p><span style=\"color: #000000;\"><strong>Ar gal\u0117siu sekti savo u\u017esakym\u0105?<\/strong><\/span><\/p>\n<\/blockquote>\n<p><span style=\"color: #000000;\">Taip. Siun\u010diame tik tais b\u016bdais, kurie suteikia sekimo kod\u0105. Para\u0161ykte mums Instagrame arba el. pa\u0161tu ir atsi\u0173sime J\u016bs\u0173 siuntos sekimo kod\u0105.<\/span><\/p>\n<p>[\/et_pb_text][\/et_pb_column][et_pb_column type=&#8221;1_2&#8243; _builder_version=&#8221;4.20.0&#8243; _module_preset=&#8221;default&#8221; global_colors_info=&#8221;{}&#8221;][et_pb_text _builder_version=&#8221;4.20.0&#8243; _module_preset=&#8221;default&#8221; global_colors_info=&#8221;{}&#8221;]<\/p>\n<h1 style=\"text-align: left;\"><strong>Mok\u0117jimai<\/strong><\/h1>\n<p>[\/et_pb_text][et_pb_text _builder_version=&#8221;4.20.2&#8243; _module_preset=&#8221;default&#8221; text_text_color=&#8221;#000000&#8243; text_font_size=&#8221;15px&#8221; global_colors_info=&#8221;{}&#8221;]<\/p>\n<blockquote>\n<p><span style=\"color: #000000;\"><strong>\u00a0Kaip galiu sumok\u0117ti?<\/strong><\/span><\/p>\n<\/blockquote>\n<p><span style=\"color: #000000;\">Mes naudojam\u0117s myPOS Checkout (<a href=\"http:\/\/www.mypos.eu\">www.mypos.eu<\/a>) kreditini\u0173 bei debetini\u0173 korteli\u0173 aptarnavimui. Mug\u0117se priimdami mok\u0117jimus kortel\u0117mis taip pat naudojam\u0117s myPOS paslaugomis.\n\nBankiniams mok\u0117jimams naudojame opay.eu sistem\u0105.<\/span><\/p>\n<p>[\/et_pb_text][et_pb_text _builder_version=&#8221;4.20.0&#8243; _module_preset=&#8221;default&#8221; text_text_color=&#8221;#000000&#8243; text_font_size=&#8221;15px&#8221; global_colors_info=&#8221;{}&#8221;]<\/p>\n<blockquote>\n<p><span style=\"color: #000000;\"><strong>Ar galiu sumok\u0117ti pristatymo metu?<\/strong><\/span><\/p>\n<\/blockquote>\n<p><span style=\"color: #000000;\">Deja, ne. Esame ma\u017ei k\u016br\u0117jai ir neturime galimyb\u0117s i\u0161si\u0173sti savo produkcijos negav\u0119 apmok\u0117jimo.<\/span><\/p>\n<p>[\/et_pb_text][et_pb_text _builder_version=&#8221;4.20.0&#8243; _module_preset=&#8221;default&#8221; text_text_color=&#8221;#000000&#8243; text_font_size=&#8221;15px&#8221; global_colors_info=&#8221;{}&#8221;]<\/p>\n<blockquote>\n<p><span style=\"color: #000000;\"><strong>Ar \u012f kain\u0105 \u012fskai\u010diuoti mokes\u010diai?<\/strong><\/span><\/p>\n<\/blockquote>\n<p><span style=\"color: #000000;\">Lietuvi\u0161kiems u\u017esakymams - mokate t\u0105 kain\u0105, kuri\u0105 matote ir nieko daugiau. U\u017esakymams \u012f u\u017esien\u012f gali b\u016bti taikomi papildomi mokes\u010diai, kuri\u0173 kontroliuoti negalime (muitas, pvm ir pana\u0161\u016bs). Prie\u0161 u\u017esakydami prekes \u012f u\u017esien\u012f pasidom\u0117kite siunt\u0173 pri\u0117mimo tvarka.<\/span><\/p>\n<p>[\/et_pb_text][et_pb_text _builder_version=&#8221;4.20.0&#8243; _module_preset=&#8221;default&#8221; text_text_color=&#8221;#000000&#8243; text_font_size=&#8221;15px&#8221; global_colors_info=&#8221;{}&#8221;]<\/p>\n<blockquote>\n<p><span style=\"color: #000000;\"><strong>Ar mug\u0117se galiu \u012fsigyti j\u016bs\u0173 produkcijos pigiau?<\/strong><\/span><\/p>\n<\/blockquote>\n<p><span style=\"color: #000000;\">M\u016bs\u0173 kainos mug\u0117se ir pana\u0161iuose renginiuose yra tokios pa\u010dios kaip ir e-parduotuv\u0117je.<\/span><\/p>\n<p>[\/et_pb_text][\/et_pb_column][\/et_pb_row][\/et_pb_section]<\/p>","protected":false},"excerpt":{"rendered":"<p>Shipping and payments &nbsp;Shipping When will you ship my order? The time it takes us to ship a certain product is written on the product page. We try to make it as fast as possible. If it&#8217;s a product that is already made we usually ship within 1-2 workdays. If the product has to be [&hellip;]<\/p>","protected":false},"author":1,"featured_media":0,"parent":0,"menu_order":0,"comment_status":"closed","ping_status":"closed","template":"","meta":{"_et_pb_use_builder":"on","_et_pb_old_content":"","_et_gb_content_width":"","footnotes":""},"_links":{"self":[{"href":"https:\/\/laukys.eu\/lt\/wp-json\/wp\/v2\/pages\/197"}],"collection":[{"href":"https:\/\/laukys.eu\/lt\/wp-json\/wp\/v2\/pages"}],"about":[{"href":"https:\/\/laukys.eu\/lt\/wp-json\/wp\/v2\/types\/page"}],"author":[{"embeddable":true,"href":"https:\/\/laukys.eu\/lt\/wp-json\/wp\/v2\/users\/1"}],"replies":[{"embeddable":true,"href":"https:\/\/laukys.eu\/lt\/wp-json\/wp\/v2\/comments?post=197"}],"version-history":[{"count":9,"href":"https:\/\/laukys.eu\/lt\/wp-json\/wp\/v2\/pages\/197\/revisions"}],"predecessor-version":[{"id":8168,"href":"https:\/\/laukys.eu\/lt\/wp-json\/wp\/v2\/pages\/197\/revisions\/8168"}],"wp:attachment":[{"href":"https:\/\/laukys.eu\/lt\/wp-json\/wp\/v2\/media?parent=197"}],"curies":[{"name":"wp","href":"https:\/\/api.w.org\/{rel}","templated":true}]}}